{"id":119,"date":"2018-09-27T20:30:29","date_gmt":"2018-09-27T18:30:29","guid":{"rendered":"http:\/\/neu.object-vermietung.de\/?page_id=119"},"modified":"2018-10-30T22:49:14","modified_gmt":"2018-10-30T21:49:14","slug":"impressum","status":"publish","type":"page","link":"https:\/\/www.object-vermietung.de\/index.php\/impressum\/","title":{"rendered":"Impressum"},"content":{"rendered":"<p><strong>Object<\/strong><br \/>\nGesch\u00e4ftsf\u00fchrer: J\u00f6rg Weber<\/p>\n<p>Eppendorfer Landstra\u00dfe 67<br \/>\n20249 Hamburg<br \/>\nwww.object-vermietung.de<br \/>\nTelefon:+49 (40) 46 09 16-46<br \/>\nTelefax: +49 (40) 46 09 16-47<\/p>\n<p>info@object-vermietung.de<\/p>\n","protected":false},"excerpt":{"rendered":"<p>Object Gesch\u00e4ftsf\u00fchrer: J\u00f6rg Weber Eppendorfer Landstra\u00dfe 67 20249 Hamburg www.object-vermietung.de Telefon:+49 (40) 46 09 16-46 Telefax: +49 (40) 46 09 16-47 info@object-vermietung.de<\/p>\n","protected":false},"author":1,"featured_media":0,"parent":0,"menu_order":0,"comment_status":"closed","ping_status":"closed","template":"","meta":[],"_links":{"self":[{"href":"https:\/\/www.object-vermietung.de\/index.php\/wp-json\/wp\/v2\/pages\/119"}],"collection":[{"href":"https:\/\/www.object-vermietung.de\/index.php\/wp-json\/wp\/v2\/pages"}],"about":[{"href":"https:\/\/www.object-vermietung.de\/index.php\/wp-json\/wp\/v2\/types\/page"}],"author":[{"embeddable":true,"href":"https:\/\/www.object-vermietung.de\/index.php\/wp-json\/wp\/v2\/users\/1"}],"replies":[{"embeddable":true,"href":"https:\/\/www.object-vermietung.de\/index.php\/wp-json\/wp\/v2\/comments?post=119"}],"version-history":[{"count":3,"href":"https:\/\/www.object-vermietung.de\/index.php\/wp-json\/wp\/v2\/pages\/119\/revisions"}],"predecessor-version":[{"id":170,"href":"https:\/\/www.object-vermietung.de\/index.php\/wp-json\/wp\/v2\/pages\/119\/revisions\/170"}],"wp:attachment":[{"href":"https:\/\/www.object-vermietung.de\/index.php\/wp-json\/wp\/v2\/media?parent=119"}],"curies":[{"name":"wp","href":"https:\/\/api.w.org\/{rel}","templated":true}]}}